{"id":549,"date":"2026-05-11T21:39:57","date_gmt":"2026-05-11T19:39:57","guid":{"rendered":"https:\/\/www.innovationsclub-deutsches-eck.de\/?page_id=549"},"modified":"2026-05-11T21:54:41","modified_gmt":"2026-05-11T19:54:41","slug":"erfindung-12","status":"publish","type":"page","link":"https:\/\/www.innovationsclub-deutsches-eck.de\/?page_id=549","title":{"rendered":"Erfindung 12"},"content":{"rendered":"<p>Erfinder: Walter Busch<\/p>\n<p>E-Mail: regnidlepre@gmx.de<\/p>\n<p>Erfindung:\u00a0 \u00a0Schulpultbank<\/p>\n<p>Beschreibung:\u00a0 \u00a0Die Schulpultbank besteht aus einer Kombination einer herk\u00f6mmlichen Schulbank mit einem Pult. Dies erm\u00f6glicht den j\u00fcngeren Sch\u00fclern ihren Bewegungsdrang nachzukommen, dass sie w\u00e4hrend des Unterrichtes abwechselnd sitzen oder stehen k\u00f6nnen.<\/p>\n<p>Bild:\u00a0 \u00a0Weitere Erkl\u00e4rung durch W. Busch per Mail<\/p>\n","protected":false},"excerpt":{"rendered":"<p>Erfinder: Walter Busch E-Mail: regnidlepre@gmx.de Erfindung:\u00a0 \u00a0Schulpultbank Beschreibung:\u00a0 \u00a0Die Schulpultbank besteht aus einer Kombination einer herk\u00f6mmlichen Schulbank mit einem Pult. Dies erm\u00f6glicht den j\u00fcngeren Sch\u00fclern ihren Bewegungsdrang nachzukommen, dass sie w\u00e4hrend des Unterrichtes abwechselnd sitzen oder stehen k\u00f6nnen. Bild:\u00a0 \u00a0Weitere Erkl\u00e4rung durch W. Busch per Mail<\/p>\n","protected":false},"author":1,"featured_media":0,"parent":0,"menu_order":0,"comment_status":"closed","ping_status":"closed","template":"","meta":{"_crdt_document":"","footnotes":""},"class_list":["post-549","page","type-page","status-publish","hentry","entry"],"_links":{"self":[{"href":"https:\/\/www.innovationsclub-deutsches-eck.de\/index.php?rest_route=\/wp\/v2\/pages\/549","targetHints":{"allow":["GET"]}}],"collection":[{"href":"https:\/\/www.innovationsclub-deutsches-eck.de\/index.php?rest_route=\/wp\/v2\/pages"}],"about":[{"href":"https:\/\/www.innovationsclub-deutsches-eck.de\/index.php?rest_route=\/wp\/v2\/types\/page"}],"author":[{"embeddable":true,"href":"https:\/\/www.innovationsclub-deutsches-eck.de\/index.php?rest_route=\/wp\/v2\/users\/1"}],"replies":[{"embeddable":true,"href":"https:\/\/www.innovationsclub-deutsches-eck.de\/index.php?rest_route=%2Fwp%2Fv2%2Fcomments&post=549"}],"version-history":[{"count":2,"href":"https:\/\/www.innovationsclub-deutsches-eck.de\/index.php?rest_route=\/wp\/v2\/pages\/549\/revisions"}],"predecessor-version":[{"id":554,"href":"https:\/\/www.innovationsclub-deutsches-eck.de\/index.php?rest_route=\/wp\/v2\/pages\/549\/revisions\/554"}],"wp:attachment":[{"href":"https:\/\/www.innovationsclub-deutsches-eck.de\/index.php?rest_route=%2Fwp%2Fv2%2Fmedia&parent=549"}],"curies":[{"name":"wp","href":"https:\/\/api.w.org\/{rel}","templated":true}]}}