{"id":538,"date":"2026-03-23T21:07:54","date_gmt":"2026-03-23T20:07:54","guid":{"rendered":"https:\/\/www.innovationsclub-deutsches-eck.de\/?page_id=538"},"modified":"2026-03-23T21:07:54","modified_gmt":"2026-03-23T20:07:54","slug":"erfindung-10","status":"publish","type":"page","link":"https:\/\/www.innovationsclub-deutsches-eck.de\/?page_id=538","title":{"rendered":"Erfindung 10"},"content":{"rendered":"<p><strong>Erfinder<\/strong>: Walter Busch<\/p>\n<p>E-<strong>Mail<\/strong>: regnidlepre@gmx.de<\/p>\n<p><strong>Erfindung<\/strong>: Kilometerz\u00e4hler f\u00fcr ein Fahrzeug<\/p>\n<p><strong>Beschreibung<\/strong>: Elektrische Kilometerz\u00e4hler in einem Kfz sind nicht f\u00e4lschungsicher; das hier beschrieben Kontrollger\u00e4t funktioniert mechanisch und ist nicht manipulierbar. Weitere Erkl\u00e4rungen teilt Ihnen Walter Busch gerne mit.<\/p>\n","protected":false},"excerpt":{"rendered":"<p>Erfinder: Walter Busch E-Mail: regnidlepre@gmx.de Erfindung: Kilometerz\u00e4hler f\u00fcr ein Fahrzeug Beschreibung: Elektrische Kilometerz\u00e4hler in einem Kfz sind nicht f\u00e4lschungsicher; das hier beschrieben Kontrollger\u00e4t funktioniert mechanisch und ist nicht manipulierbar. Weitere Erkl\u00e4rungen teilt Ihnen Walter Busch gerne mit.<\/p>\n","protected":false},"author":1,"featured_media":0,"parent":0,"menu_order":0,"comment_status":"closed","ping_status":"closed","template":"","meta":{"_crdt_document":"","footnotes":""},"class_list":["post-538","page","type-page","status-publish","hentry","entry"],"_links":{"self":[{"href":"https:\/\/www.innovationsclub-deutsches-eck.de\/index.php?rest_route=\/wp\/v2\/pages\/538","targetHints":{"allow":["GET"]}}],"collection":[{"href":"https:\/\/www.innovationsclub-deutsches-eck.de\/index.php?rest_route=\/wp\/v2\/pages"}],"about":[{"href":"https:\/\/www.innovationsclub-deutsches-eck.de\/index.php?rest_route=\/wp\/v2\/types\/page"}],"author":[{"embeddable":true,"href":"https:\/\/www.innovationsclub-deutsches-eck.de\/index.php?rest_route=\/wp\/v2\/users\/1"}],"replies":[{"embeddable":true,"href":"https:\/\/www.innovationsclub-deutsches-eck.de\/index.php?rest_route=%2Fwp%2Fv2%2Fcomments&post=538"}],"version-history":[{"count":1,"href":"https:\/\/www.innovationsclub-deutsches-eck.de\/index.php?rest_route=\/wp\/v2\/pages\/538\/revisions"}],"predecessor-version":[{"id":540,"href":"https:\/\/www.innovationsclub-deutsches-eck.de\/index.php?rest_route=\/wp\/v2\/pages\/538\/revisions\/540"}],"wp:attachment":[{"href":"https:\/\/www.innovationsclub-deutsches-eck.de\/index.php?rest_route=%2Fwp%2Fv2%2Fmedia&parent=538"}],"curies":[{"name":"wp","href":"https:\/\/api.w.org\/{rel}","templated":true}]}}