{"id":514,"date":"2026-03-15T17:51:45","date_gmt":"2026-03-15T16:51:45","guid":{"rendered":"https:\/\/www.innovationsclub-deutsches-eck.de\/?page_id=514"},"modified":"2026-03-15T17:51:45","modified_gmt":"2026-03-15T16:51:45","slug":"erfindung-6","status":"publish","type":"page","link":"https:\/\/www.innovationsclub-deutsches-eck.de\/?page_id=514","title":{"rendered":"Erfindung 6"},"content":{"rendered":"\n<p class=\"wp-block-paragraph\"><strong>Erfinder<\/strong>: Walter Busch<\/p>\n\n\n\n<p class=\"wp-block-paragraph\"><strong>E-Mail:<\/strong> regnidlepre@gmx.de<\/p>\n\n\n\n<p class=\"wp-block-paragraph\"><strong>Erfindung<\/strong>: Gartenbaums\u00e4ule<\/p>\n\n\n\n<p class=\"wp-block-paragraph\"><strong>Beschreibung: <\/strong>Diese besteht aus einem 1 bis 2 m hohehn stabilen Metallgeflecht mit Ummantelungen von zum Beispiel Kunstrunden.Befestigung erfolgt am Boden. Das obere Ende ist in eine Rundform ausgeweitet, so dass ein Topfbeh\u00e4lter zum Beispiel mit einer Palmenpflanze hineinpasst. Der Hausgarten erh\u00e4lt damit ein s\u00fcdl\u00e4ndisches Aussehen. Eine Zeichnung erhalten Sie vom Erfinder<\/p>\n\n\n\n<p class=\"wp-block-paragraph\"><\/p>\n","protected":false},"excerpt":{"rendered":"<p>Erfinder: Walter Busch E-Mail: regnidlepre@gmx.de Erfindung: Gartenbaums\u00e4ule Beschreibung: Diese besteht aus einem 1 bis 2 m hohehn stabilen Metallgeflecht mit Ummantelungen von zum Beispiel Kunstrunden.Befestigung erfolgt am Boden. Das obere Ende ist in eine Rundform ausgeweitet, so dass ein Topfbeh\u00e4lter zum Beispiel mit einer Palmenpflanze hineinpasst. Der Hausgarten erh\u00e4lt damit ein s\u00fcdl\u00e4ndisches Aussehen. Eine Zeichnung [&hellip;]<\/p>\n","protected":false},"author":1,"featured_media":0,"parent":0,"menu_order":0,"comment_status":"closed","ping_status":"closed","template":"","meta":{"_crdt_document":"","footnotes":""},"class_list":["post-514","page","type-page","status-publish","hentry","entry"],"_links":{"self":[{"href":"https:\/\/www.innovationsclub-deutsches-eck.de\/index.php?rest_route=\/wp\/v2\/pages\/514","targetHints":{"allow":["GET"]}}],"collection":[{"href":"https:\/\/www.innovationsclub-deutsches-eck.de\/index.php?rest_route=\/wp\/v2\/pages"}],"about":[{"href":"https:\/\/www.innovationsclub-deutsches-eck.de\/index.php?rest_route=\/wp\/v2\/types\/page"}],"author":[{"embeddable":true,"href":"https:\/\/www.innovationsclub-deutsches-eck.de\/index.php?rest_route=\/wp\/v2\/users\/1"}],"replies":[{"embeddable":true,"href":"https:\/\/www.innovationsclub-deutsches-eck.de\/index.php?rest_route=%2Fwp%2Fv2%2Fcomments&post=514"}],"version-history":[{"count":2,"href":"https:\/\/www.innovationsclub-deutsches-eck.de\/index.php?rest_route=\/wp\/v2\/pages\/514\/revisions"}],"predecessor-version":[{"id":516,"href":"https:\/\/www.innovationsclub-deutsches-eck.de\/index.php?rest_route=\/wp\/v2\/pages\/514\/revisions\/516"}],"wp:attachment":[{"href":"https:\/\/www.innovationsclub-deutsches-eck.de\/index.php?rest_route=%2Fwp%2Fv2%2Fmedia&parent=514"}],"curies":[{"name":"wp","href":"https:\/\/api.w.org\/{rel}","templated":true}]}}