{"id":471,"date":"2026-03-03T15:54:35","date_gmt":"2026-03-03T14:54:35","guid":{"rendered":"https:\/\/www.innovationsclub-deutsches-eck.de\/?page_id=471"},"modified":"2026-03-04T20:53:31","modified_gmt":"2026-03-04T19:53:31","slug":"erfindung-3","status":"publish","type":"page","link":"https:\/\/www.innovationsclub-deutsches-eck.de\/?page_id=471","title":{"rendered":"Erfindung 3"},"content":{"rendered":"\n<p class=\"wp-block-paragraph\">Erfinder: Walter Busch<\/p>\n\n\n\n<p class=\"wp-block-paragraph\">E-Mail: regnidlepre@gmx.de<\/p>\n\n\n\n<p class=\"wp-block-paragraph\">Erfindung: Grabstele\/Grablicht<\/p>\n\n\n\n<p class=\"has-text-align-left wp-block-paragraph\">Beschreibung: In der Grabstele sind Stele und Grablicht kombiniert. <br>                          Die H\u00f6he betr\u00e4gt bis zu 1 m; geeignet f\u00fcr Urnengr\u00e4ber. <br>                         Das Design ist beim PMA angemeldet.<\/p>\n\n\n\n<p class=\"wp-block-paragraph\">Bild: <a href=\"https:\/\/www.innovationsclub-deutsches-eck.de\/wp-content\/uploads\/2026\/03\/Bild-74-2.jpg\" target=\"_blank\" rel=\"noreferrer noopener\">https:\/\/www.innovationsclub-deutsches-eck.de\/wp-content\/uploads\/2026\/03\/Bild-74-2.jpg<\/a><\/p>\n\n\n\n<p class=\"wp-block-paragraph\"><\/p>\n","protected":false},"excerpt":{"rendered":"<p>Erfinder: Walter Busch E-Mail: regnidlepre@gmx.de Erfindung: Grabstele\/Grablicht Beschreibung: In der Grabstele sind Stele und Grablicht kombiniert. Die H\u00f6he betr\u00e4gt bis zu 1 m; geeignet f\u00fcr Urnengr\u00e4ber. Das Design ist beim PMA angemeldet. Bild: https:\/\/www.innovationsclub-deutsches-eck.de\/wp-content\/uploads\/2026\/03\/Bild-74-2.jpg<\/p>\n","protected":false},"author":1,"featured_media":0,"parent":0,"menu_order":0,"comment_status":"closed","ping_status":"closed","template":"","meta":{"_crdt_document":"","footnotes":""},"class_list":["post-471","page","type-page","status-publish","hentry","entry"],"_links":{"self":[{"href":"https:\/\/www.innovationsclub-deutsches-eck.de\/index.php?rest_route=\/wp\/v2\/pages\/471","targetHints":{"allow":["GET"]}}],"collection":[{"href":"https:\/\/www.innovationsclub-deutsches-eck.de\/index.php?rest_route=\/wp\/v2\/pages"}],"about":[{"href":"https:\/\/www.innovationsclub-deutsches-eck.de\/index.php?rest_route=\/wp\/v2\/types\/page"}],"author":[{"embeddable":true,"href":"https:\/\/www.innovationsclub-deutsches-eck.de\/index.php?rest_route=\/wp\/v2\/users\/1"}],"replies":[{"embeddable":true,"href":"https:\/\/www.innovationsclub-deutsches-eck.de\/index.php?rest_route=%2Fwp%2Fv2%2Fcomments&post=471"}],"version-history":[{"count":7,"href":"https:\/\/www.innovationsclub-deutsches-eck.de\/index.php?rest_route=\/wp\/v2\/pages\/471\/revisions"}],"predecessor-version":[{"id":487,"href":"https:\/\/www.innovationsclub-deutsches-eck.de\/index.php?rest_route=\/wp\/v2\/pages\/471\/revisions\/487"}],"wp:attachment":[{"href":"https:\/\/www.innovationsclub-deutsches-eck.de\/index.php?rest_route=%2Fwp%2Fv2%2Fmedia&parent=471"}],"curies":[{"name":"wp","href":"https:\/\/api.w.org\/{rel}","templated":true}]}}