{"id":459,"date":"2026-03-02T21:41:20","date_gmt":"2026-03-02T20:41:20","guid":{"rendered":"https:\/\/www.innovationsclub-deutsches-eck.de\/?page_id=459"},"modified":"2026-03-02T21:41:20","modified_gmt":"2026-03-02T20:41:20","slug":"erfindung-1","status":"publish","type":"page","link":"https:\/\/www.innovationsclub-deutsches-eck.de\/?page_id=459","title":{"rendered":"Erfindung 1"},"content":{"rendered":"\n<p class=\"wp-block-paragraph\"><strong>Erfinder; Walter Busch<\/strong><\/p>\n\n\n\n<p class=\"wp-block-paragraph\"><strong>E-Mail:<\/strong><\/p>\n\n\n\n<p class=\"wp-block-paragraph\"><strong>Erfindung: <\/strong>Gleitpuder f\u00fcr Elektro-Rasur<\/p>\n\n\n\n<p class=\"wp-block-paragraph\"><strong>Beschreibung:<\/strong> Gleitpuder f\u00fcr Elektro-Rasur: Puder wird d\u00fcnn auf die Haut getragen; besonders wohltuend f\u00fcr empfindliche Haut<\/p>\n\n\n\n<p class=\"wp-block-paragraph\"><strong>Bild <\/strong>(zum Vergr\u00f6\u00dfern anklicken)<\/p>\n\n\n\n<p class=\"wp-block-paragraph\"><em><a href=\"https:\/\/www.innovationsclub-deutsches-eck.de\/wp-content\/uploads\/2026\/03\/Bild-72-rotated.jpg\"><img loading=\"lazy\" decoding=\"async\" width=\"150\" height=\"109\" class=\"wp-image-433\" style=\"width: 150px;\" src=\"https:\/\/www.innovationsclub-deutsches-eck.de\/wp-content\/uploads\/2026\/03\/Bild-72-rotated.jpg\" alt=\"\" srcset=\"https:\/\/www.innovationsclub-deutsches-eck.de\/wp-content\/uploads\/2026\/03\/Bild-72-rotated.jpg 2338w, https:\/\/www.innovationsclub-deutsches-eck.de\/wp-content\/uploads\/2026\/03\/Bild-72-300x218.jpg 300w, https:\/\/www.innovationsclub-deutsches-eck.de\/wp-content\/uploads\/2026\/03\/Bild-72-1024x745.jpg 1024w, https:\/\/www.innovationsclub-deutsches-eck.de\/wp-content\/uploads\/2026\/03\/Bild-72-768x558.jpg 768w, https:\/\/www.innovationsclub-deutsches-eck.de\/wp-content\/uploads\/2026\/03\/Bild-72-1536x1117.jpg 1536w, https:\/\/www.innovationsclub-deutsches-eck.de\/wp-content\/uploads\/2026\/03\/Bild-72-2048x1489.jpg 2048w\" sizes=\"auto, (max-width: 150px) 100vw, 150px\" \/><\/a><\/em><\/p>\n\n\n\n<p class=\"wp-block-paragraph\"><\/p>\n","protected":false},"excerpt":{"rendered":"<p>Erfinder; Walter Busch E-Mail: Erfindung: Gleitpuder f\u00fcr Elektro-Rasur Beschreibung: Gleitpuder f\u00fcr Elektro-Rasur: Puder wird d\u00fcnn auf die Haut getragen; besonders wohltuend f\u00fcr empfindliche Haut Bild (zum Vergr\u00f6\u00dfern anklicken)<\/p>\n","protected":false},"author":1,"featured_media":0,"parent":0,"menu_order":0,"comment_status":"closed","ping_status":"closed","template":"","meta":{"_crdt_document":"","footnotes":""},"class_list":["post-459","page","type-page","status-publish","hentry","entry"],"_links":{"self":[{"href":"https:\/\/www.innovationsclub-deutsches-eck.de\/index.php?rest_route=\/wp\/v2\/pages\/459","targetHints":{"allow":["GET"]}}],"collection":[{"href":"https:\/\/www.innovationsclub-deutsches-eck.de\/index.php?rest_route=\/wp\/v2\/pages"}],"about":[{"href":"https:\/\/www.innovationsclub-deutsches-eck.de\/index.php?rest_route=\/wp\/v2\/types\/page"}],"author":[{"embeddable":true,"href":"https:\/\/www.innovationsclub-deutsches-eck.de\/index.php?rest_route=\/wp\/v2\/users\/1"}],"replies":[{"embeddable":true,"href":"https:\/\/www.innovationsclub-deutsches-eck.de\/index.php?rest_route=%2Fwp%2Fv2%2Fcomments&post=459"}],"version-history":[{"count":7,"href":"https:\/\/www.innovationsclub-deutsches-eck.de\/index.php?rest_route=\/wp\/v2\/pages\/459\/revisions"}],"predecessor-version":[{"id":466,"href":"https:\/\/www.innovationsclub-deutsches-eck.de\/index.php?rest_route=\/wp\/v2\/pages\/459\/revisions\/466"}],"wp:attachment":[{"href":"https:\/\/www.innovationsclub-deutsches-eck.de\/index.php?rest_route=%2Fwp%2Fv2%2Fmedia&parent=459"}],"curies":[{"name":"wp","href":"https:\/\/api.w.org\/{rel}","templated":true}]}}