{"id":348,"date":"2024-03-12T14:55:01","date_gmt":"2024-03-12T13:55:01","guid":{"rendered":"https:\/\/www.innovationsclub-deutsches-eck.de\/?page_id=348"},"modified":"2026-03-02T20:53:19","modified_gmt":"2026-03-02T19:53:19","slug":"erfindung-2","status":"publish","type":"page","link":"https:\/\/www.innovationsclub-deutsches-eck.de\/?page_id=348","title":{"rendered":"Erfindung 2"},"content":{"rendered":"<table style=\"border-collapse: collapse; width: 100%;\">\n<tbody>\n<tr>\n<td style=\"width: 26.184%;\">Name Erfinder<\/td>\n<td style=\"width: 73.816%;\">Walter Busch<\/td>\n<\/tr>\n<tr>\n<td style=\"width: 26.184%;\">E-Mail<\/td>\n<td style=\"width: 73.816%;\"><a href=\"mailto:regnidlepre@gmx.de\">regnidlepre@gmx.de<\/a><\/td>\n<\/tr>\n<tr>\n<td style=\"width: 26.184%;\">Name Erfindung<\/td>\n<td style=\"width: 73.816%;\">B\u00fcrstenaufs\u00e4tze f\u00fcr Duschk\u00f6pfe<\/td>\n<\/tr>\n<tr>\n<td style=\"width: 26.184%;\">Beschreibung<\/td>\n<td style=\"width: 73.816%;\"><\/td>\n<\/tr>\n<tr>\n<td style=\"width: 26.184%;\">Bild<\/td>\n<td style=\"width: 73.816%;\"><img loading=\"lazy\" decoding=\"async\" class=\"alignnone size-medium wp-image-434\" src=\"https:\/\/www.innovationsclub-deutsches-eck.de\/wp-content\/uploads\/2026\/03\/Duschkoepfe-ISO-Detail-1-300x188.jpg\" alt=\"\" width=\"300\" height=\"188\" srcset=\"https:\/\/www.innovationsclub-deutsches-eck.de\/wp-content\/uploads\/2026\/03\/Duschkoepfe-ISO-Detail-1-300x188.jpg 300w, https:\/\/www.innovationsclub-deutsches-eck.de\/wp-content\/uploads\/2026\/03\/Duschkoepfe-ISO-Detail-1-1024x640.jpg 1024w, https:\/\/www.innovationsclub-deutsches-eck.de\/wp-content\/uploads\/2026\/03\/Duschkoepfe-ISO-Detail-1-768x480.jpg 768w, https:\/\/www.innovationsclub-deutsches-eck.de\/wp-content\/uploads\/2026\/03\/Duschkoepfe-ISO-Detail-1-1536x960.jpg 1536w, https:\/\/www.innovationsclub-deutsches-eck.de\/wp-content\/uploads\/2026\/03\/Duschkoepfe-ISO-Detail-1.jpg 1600w\" sizes=\"auto, (max-width: 300px) 100vw, 300px\" \/><\/td>\n<\/tr>\n<tr>\n<td style=\"width: 26.184%;\">09\/03\/2024<\/td>\n<td style=\"width: 73.816%;\">[print_link]<\/td>\n<\/tr>\n<\/tbody>\n<\/table>\n","protected":false},"excerpt":{"rendered":"<p>Name Erfinder Walter Busch E-Mail regnidlepre@gmx.de Name Erfindung B\u00fcrstenaufs\u00e4tze f\u00fcr Duschk\u00f6pfe Beschreibung Bild 09\/03\/2024 [print_link]<\/p>\n","protected":false},"author":1,"featured_media":0,"parent":0,"menu_order":0,"comment_status":"closed","ping_status":"closed","template":"","meta":{"_crdt_document":"","footnotes":""},"class_list":["post-348","page","type-page","status-publish","hentry","entry"],"_links":{"self":[{"href":"https:\/\/www.innovationsclub-deutsches-eck.de\/index.php?rest_route=\/wp\/v2\/pages\/348","targetHints":{"allow":["GET"]}}],"collection":[{"href":"https:\/\/www.innovationsclub-deutsches-eck.de\/index.php?rest_route=\/wp\/v2\/pages"}],"about":[{"href":"https:\/\/www.innovationsclub-deutsches-eck.de\/index.php?rest_route=\/wp\/v2\/types\/page"}],"author":[{"embeddable":true,"href":"https:\/\/www.innovationsclub-deutsches-eck.de\/index.php?rest_route=\/wp\/v2\/users\/1"}],"replies":[{"embeddable":true,"href":"https:\/\/www.innovationsclub-deutsches-eck.de\/index.php?rest_route=%2Fwp%2Fv2%2Fcomments&post=348"}],"version-history":[{"count":6,"href":"https:\/\/www.innovationsclub-deutsches-eck.de\/index.php?rest_route=\/wp\/v2\/pages\/348\/revisions"}],"predecessor-version":[{"id":449,"href":"https:\/\/www.innovationsclub-deutsches-eck.de\/index.php?rest_route=\/wp\/v2\/pages\/348\/revisions\/449"}],"wp:attachment":[{"href":"https:\/\/www.innovationsclub-deutsches-eck.de\/index.php?rest_route=%2Fwp%2Fv2%2Fmedia&parent=348"}],"curies":[{"name":"wp","href":"https:\/\/api.w.org\/{rel}","templated":true}]}}