{"id":332,"date":"2024-01-28T21:55:30","date_gmt":"2024-01-28T20:55:30","guid":{"rendered":"https:\/\/www.innovationsclub-deutsches-eck.de\/?page_id=332"},"modified":"2026-02-12T21:57:23","modified_gmt":"2026-02-12T20:57:23","slug":"titelschutz","status":"publish","type":"page","link":"https:\/\/www.innovationsclub-deutsches-eck.de\/?page_id=332","title":{"rendered":"Titelschutz"},"content":{"rendered":"<p>Durch den Titelschutz nach <a href=\"https:\/\/www.gesetze-im-internet.de\/markeng\/__5.html\" target=\"_blank\" rel=\"noopener\">\u00a7 5 Abs. MarkenG<\/a> werden Werktitel \u00e4hnlich wie eingetragene Marken gesch\u00fctzt. Der Titelschutz betrifft nach dem Wortlaut des \u00a7 5 Abs. 3 MarkenG nur Werktitel, also die Titel von Werken. Ein Werk ist nach \u00a7 2 Abs. 2UrhG jede \u201epers\u00f6nliche geistige Sch\u00f6pfung\u201c, sofern sie die erforderliche Schutzh\u00f6he erreicht.<\/p>\n<p><strong><span style=\"text-decoration: underline;\">Schutzf\u00e4hige Werke sind zum Beispiel:<\/span><br \/><\/strong>Zeitschriften<br \/>Rubriken von Zeitschriften,<br \/>Zeitungen,<br \/>B\u00fccher,<br \/>Musikst\u00fccke,<br \/>homepages mit eigenem Informationsangebot,<br \/>B\u00fchnenst\u00fccke usw.<\/p>\n<p>Soll eine Werk im Sinne des Urheberrechts gesch\u00fctzt werden, so muss auch der Titel geeignet sein, das Werk von anderen, vergleichbaren Werken zu unterscheiden.<\/p>\n<p>Titelschutz entsteht fr\u00fchestens mit dem Beginn der Benutzung des Titels f\u00fcr das zugeh\u00f6rige Werk.<\/p>\n<p>Der Titelschutz endet mit der endg\u00fcltigen Aufgabe der Benutzung des Titels f\u00fcr das zugeh\u00f6rige Werk. Eine Fortwirkung des Schutzes, wie es sie etwa im Urheberrecht gibt, existiert beim Titelschutz nicht.<\/p>\n<p>&nbsp;<\/p>\n\n\r\n<div \r\n\tclass=\"noPrint align wp-block-ppb-print-page\"\tid='ppbPrintPage-1' \r\n\tdata-attributes='{&quot;cId&quot;:&quot;8b92c541-f&quot;,&quot;buttonVariant&quot;:&quot;iconFocus&quot;,&quot;btnColors&quot;:{&quot;color&quot;:&quot;#374151&quot;,&quot;bg&quot;:&quot;transparent&quot;},&quot;btnHoverColors&quot;:{&quot;color&quot;:&quot;&quot;,&quot;bg&quot;:&quot;#f5f5f5&quot;},&quot;btnPadding&quot;:{&quot;vertical&quot;:&quot;16px&quot;,&quot;horizontal&quot;:&quot;16px&quot;},&quot;btnBorder&quot;:{&quot;radius&quot;:&quot;8px&quot;},&quot;btnShadow&quot;:[],&quot;hoverBtnShadow&quot;:[],&quot;align&quot;:&quot;&quot;,&quot;alignment&quot;:&quot;center&quot;,&quot;isPrintSection&quot;:false,&quot;sectionSelector&quot;:&quot;&quot;,&quot;isModal&quot;:false,&quot;isHeaderFooter&quot;:true,&quot;isBackground&quot;:false,&quot;isLayout&quot;:false,&quot;removeSelectors&quot;:&quot;&quot;,&quot;isIcon&quot;:true,&quot;icon&quot;:{&quot;type&quot;:&quot;default&quot;,&quot;default&quot;:&quot;fcPrinter&quot;,&quot;url&quot;:&quot;&quot;},&quot;isText&quot;:true,&quot;btnText&quot;:&quot;Print&quot;,&quot;btnTypo&quot;:{&quot;fontSize&quot;:{&quot;desktop&quot;:22,&quot;tablet&quot;:20,&quot;mobile&quot;:18}}}'\r\n>\r\n<\/div>\r\n","protected":false},"excerpt":{"rendered":"<p>Durch den Titelschutz nach \u00a7 5 Abs. MarkenG werden Werktitel \u00e4hnlich wie eingetragene Marken gesch\u00fctzt. Der Titelschutz betrifft nach dem Wortlaut des \u00a7 5 Abs. 3 MarkenG nur Werktitel, also die Titel von Werken. Ein Werk ist nach \u00a7 2 Abs. 2UrhG jede \u201epers\u00f6nliche geistige Sch\u00f6pfung\u201c, sofern sie die erforderliche Schutzh\u00f6he erreicht. Schutzf\u00e4hige Werke sind [&hellip;]<\/p>\n","protected":false},"author":1,"featured_media":0,"parent":0,"menu_order":0,"comment_status":"closed","ping_status":"closed","template":"","meta":{"_crdt_document":"","footnotes":""},"class_list":["post-332","page","type-page","status-publish","hentry","entry"],"_links":{"self":[{"href":"https:\/\/www.innovationsclub-deutsches-eck.de\/index.php?rest_route=\/wp\/v2\/pages\/332","targetHints":{"allow":["GET"]}}],"collection":[{"href":"https:\/\/www.innovationsclub-deutsches-eck.de\/index.php?rest_route=\/wp\/v2\/pages"}],"about":[{"href":"https:\/\/www.innovationsclub-deutsches-eck.de\/index.php?rest_route=\/wp\/v2\/types\/page"}],"author":[{"embeddable":true,"href":"https:\/\/www.innovationsclub-deutsches-eck.de\/index.php?rest_route=\/wp\/v2\/users\/1"}],"replies":[{"embeddable":true,"href":"https:\/\/www.innovationsclub-deutsches-eck.de\/index.php?rest_route=%2Fwp%2Fv2%2Fcomments&post=332"}],"version-history":[{"count":5,"href":"https:\/\/www.innovationsclub-deutsches-eck.de\/index.php?rest_route=\/wp\/v2\/pages\/332\/revisions"}],"predecessor-version":[{"id":406,"href":"https:\/\/www.innovationsclub-deutsches-eck.de\/index.php?rest_route=\/wp\/v2\/pages\/332\/revisions\/406"}],"wp:attachment":[{"href":"https:\/\/www.innovationsclub-deutsches-eck.de\/index.php?rest_route=%2Fwp%2Fv2%2Fmedia&parent=332"}],"curies":[{"name":"wp","href":"https:\/\/api.w.org\/{rel}","templated":true}]}}