{"id":253,"date":"2023-10-04T21:49:54","date_gmt":"2023-10-04T19:49:54","guid":{"rendered":"https:\/\/www.innovationsclub-deutsches-eck.de\/?page_id=253"},"modified":"2026-02-04T18:29:39","modified_gmt":"2026-02-04T17:29:39","slug":"aktuelles","status":"publish","type":"page","link":"https:\/\/www.innovationsclub-deutsches-eck.de\/?page_id=253","title":{"rendered":"Aktuelles"},"content":{"rendered":"<p>&nbsp;<\/p>\n<h3>Erfinderaktivit\u00e4ten 2020\/2021 erschienen<\/h3>\n<p style=\"text-align: center;\">Die neueste Ausgabe der &#8222;<a href=\"https:\/\/www.dpma.de\/dpma\/veroeffentlichungen\/erfinderaktivitaeten\/index.html\" target=\"_blank\" rel=\"noopener\">Erfinderaktivit\u00e4ten<\/a>&#8220; vom DPMA l\u00e4dt Sie ein auf einen Streifzug durch aktuelle Entwicklungen auf verschiedenen Technikgebieten.<br \/>\n&#8230;&#8230;&#8230;&#8230;&#8230;&#8230;&#8230;&#8230;&#8230;&#8230;&#8230;&#8230;&#8230;&#8230;&#8230;&#8230;&#8230;&#8230;&#8230;&#8230;&#8230;&#8230;&#8230;&#8230;&#8230;&#8230;&#8230;&#8230;&#8230;&#8230;&#8230;&#8230;&#8230;&#8230;&#8230;&#8230;&#8230;&#8230;&#8230;&#8230;&#8230;<\/p>\n<p><strong>Interessante Erfindungen &#8211; Ein \u00dcberblick \u00fcber deutsche Technikgeschichte<\/strong><\/p>\n<p>Von genialen Alltagserfindungen bis hin zu Ergebnissen hochkomplexer Forschung: Die DPMA-<a href=\"https:\/\/www.dpma.de\/dpma\/veroeffentlichungen\/postergalerie\/index.html\" target=\"_blank\" rel=\"noopener\">Postergalerie<\/a> zeigt, was Menschen in unterschiedlichsten Bereichen mit Kreativit\u00e4t und Innovationsgeist leisten k\u00f6nnen. Sie stellt ausgew\u00e4hlte Erfindungen vor, die seit 1877 beim Deutschen Patent- und Markenamt (DPMA) und seinen Vorg\u00e4ngerbeh\u00f6rden angemeldet wurden.<\/p>\n<p>Die Sammlung gibt einen \u00dcberblick \u00fcber deutsche Technikgeschichte, erm\u00f6glicht grundlegende Einblicke in die Funktionsweise vieler Erfindungen \u2013 und ist zugleich eine Fundgrube f\u00fcr spannende Geschichten und Anekdoten.<\/p>\n<p style=\"text-align: center;\">&#8230;&#8230;&#8230;&#8230;&#8230;&#8230;&#8230;&#8230;&#8230;&#8230;&#8230;&#8230;&#8230;&#8230;&#8230;&#8230;&#8230;&#8230;&#8230;&#8230;&#8230;&#8230;&#8230;&#8230;&#8230;&#8230;&#8230;&#8230;&#8230;&#8230;&#8230;&#8230;&#8230;&#8230;&#8230;&#8230;&#8230;&#8230;&#8230;&#8230;&#8230;&#8230;.<\/p>\n<p><strong>Freie Erfinder in Deutschland auf dem R\u00fcckzug<br \/>\n<\/strong>Von Konzernen und Forschungsinstituten unabh\u00e4ngige Erfinder sind in Deutschland auf dem R\u00fcckzug. 2022 reichten noch 2021 freie T\u00fcftler Patentanmeldungen ein. Das war \u00fcber ein F\u00fcnftel weniger als im Vorjahr 2021. Nur noch sechs Prozent aller Patentanmeldungen entfielen demnach auf unabh\u00e4ngige Erfinder. Ende der 1990er-Jahre war die Zahl noch zweistellig.<strong> (<a href=\"https:\/\/www.mdr.de\/wissen\/news\/patentamt-weniger-freie-erfinder-patente-100.html\" target=\"_blank\" rel=\"noopener\">weiterlesen<\/a>)<br \/>\n<\/strong><\/p>\n<p>&#8230;&#8230;&#8230;&#8230;&#8230;&#8230;&#8230;&#8230;&#8230;&#8230;&#8230;&#8230;&#8230;&#8230;&#8230;&#8230;&#8230;&#8230;&#8230;&#8230;&#8230;&#8230;&#8230;&#8230;&#8230;&#8230;&#8230;&#8230;&#8230;&#8230;&#8230;&#8230;&#8230;&#8230;&#8230;<br \/>\n<strong>L\u00f6sung zur sicheren und effizienten Speicherung von Wasserstoff erh\u00e4lt Europ\u00e4ischen Erfinderpreis 2023<br \/>\n<\/strong>Multidisziplin\u00e4res Team aus Frankreich hat eine ganz neue Methode zur Speicherung von Wasserstoff in Form von Festk\u00f6rperplatten entwickelt<br \/>\n05.07.2023 &#8211; Deutschland (<a href=\"https:\/\/www.chemie.de\/news\/1180987\/loesung-zur-sicheren-und-effizienten-speicherung-von-wasserstoff-erhaelt-europaeischen-erfinderpreis-2023.html\" target=\"_blank\" rel=\"noopener\">weiterlesen<\/a>)<\/p>\n<p>&#8230;&#8230;&#8230;&#8230;&#8230;&#8230;&#8230;&#8230;&#8230;&#8230;&#8230;&#8230;&#8230;&#8230;&#8230;&#8230;&#8230;&#8230;&#8230;&#8230;&#8230;&#8230;&#8230;&#8230;&#8230;&#8230;&#8230;&#8230;&#8230;&#8230;&#8230;&#8230;&#8230;&#8230;&#8230;&#8230;&#8230;&#8230;.<\/p>\n<div id=\"c1338\" class=\"frame frame-type-image frame-layout-0 frame-space-before-extra-small frame-padding-top-none frame-padding-bottom-none frame-indent-left indent-left d-flex d-sm-flex d-md-flex d-lg-flex d-xl-flex d-xxl-flex\">\n<div class=\"ce-content\">\n<div class=\"row layout-100g-100t\">\n<div id=\"c1338-c0\" class=\" d-block col-12 d-sm-block col-sm-12 d-md-block col-md-12 d-lg-block col-lg-12 d-xl-block col-xl-12 d-xxl-block col-xxl-12 column-0 col-type-media\">\n<div class=\"ce-gallery\" data-ce-columns=\"1\" data-ce-images=\"1\">\n<div class=\"row d-flex justify-content-start\">\n<div class=\" d-flex col-12 d-sm-flex col-sm-12 d-md-flex col-md-12 d-lg-flex col-lg-12 d-xl-flex col-xl-12 d-xxl-flex col-xxl-12 \">\n<figure class=\"image\">\n<div class=\"d-flex justify-content-start\"><picture id=\"picture-1338-0\"><img loading=\"lazy\" decoding=\"async\" id=\"img-1338-0\" class=\"img-fluid \" title=\"\" src=\"https:\/\/www.daidalos.blog\/fileadmin\/images\/home\/Daidalos_Logo_rgb.png\" alt=\"Daidalos_Logo_rgb.png \" width=\"160\" height=\"35\" \/><\/picture><\/div>\n<\/figure>\n<\/div>\n<\/div>\n<\/div>\n<\/div>\n<\/div>\n<\/div>\n<\/div>\n<div id=\"c1339\" class=\"frame frame-type-header frame-layout-0 frame-space-before-extra-small frame-space-after-extra-large frame-padding-top-none frame-padding-bottom-none frame-indent-left indent-left d-flex d-sm-flex d-md-flex d-lg-flex d-xl-flex d-xxl-flex\">\n<div class=\"ce-content\">\n<div class=\"ce-header h5-mb ce-header-left\">\n<div class=\"ce-headline\">\n<p>Erfindungen ver\u00e4ndern die Welt. Ob Feuer oder Fotografie, Dampfmaschine oder D\u00fcsenflugzeug \u2013 die Menschheitsgeschichte ist reich an genialen Einf\u00e4llen. daidalos stellt Ihnen vor, welche Einf\u00e4lle es heute sind, die die Gesellschaft voranbringen. (<a href=\"https:\/\/www.daidalos.blog\/\" target=\"_blank\" rel=\"noopener\">weiterlesen<\/a>)<br \/>\nEine interessante Internetseite!!<\/p>\n<\/div>\n<\/div>\n<p>&#8230;&#8230;&#8230;&#8230;&#8230;&#8230;&#8230;&#8230;&#8230;&#8230;&#8230;&#8230;&#8230;&#8230;&#8230;&#8230;&#8230;&#8230;&#8230;&#8230;&#8230;&#8230;&#8230;&#8230;&#8230;&#8230;&#8230;.<\/p>\n<p><a href=\"https:\/\/www.dpma.de\/service\/kmu\/freieerfinderinnenunderfinder\/index.html\" target=\"_blank\" rel=\"noopener\"><strong><span style=\"color: #0000ff;\">Wichtige Innovationsmotoren: Informationen f\u00fcr freie Erfinderinnen und Erfinder<\/span><\/strong><\/a><\/p>\n<p>Innovationen sind von entscheidender Bedeutung f\u00fcr die Wirtschaft. Neue Produkte und Dienstleistungen bringen den Markt voran. Die freien Erfinderinnen und Erfinder in Deutschland mit ihrem kreativen Potential leisten dazu einen wichtigen Beitrag. Viele geniale Erfindungen stammen nicht aus Entwicklungsabteilungen gro\u00dfer Unternehmen, sondern von kreativen T\u00fcftlerinnen und T\u00fcftlern. &#8222;Freie Erfinderinnen und Erfinder arbeiten oft unter schwierigen Bedingungen und behaupten sich trotzdem immer wieder gegen\u00fcber den Entwicklungsabteilungen gro\u00dfer Unternehmen&#8220;, sagt DPMA-Pr\u00e4sidentin Eva Schewior. &#8222;Sie sind ein unverzichtbarer Bestandteil unseres Innovations\u00f6kosystems, und wir als DPMA werden sie weiter bestm\u00f6glich unterst\u00fctzen.&#8220; Mehr dazu in unserer <a href=\"https:\/\/www.dpma.de\/service\/presse\/pressemitteilungen\/20231026.html\" target=\"_blank\" rel=\"noopener\">Pressemitteilung<\/a> anl\u00e4sslich der externer Link <a href=\"https:\/\/www.iena.de\/\" target=\"_blank\" rel=\"noopener\">Erfindermesse iENA<\/a> in N\u00fcrnberg.<\/p>\n<\/div>\n<\/div>\n","protected":false},"excerpt":{"rendered":"<p>&nbsp; Erfinderaktivit\u00e4ten 2020\/2021 erschienen Die neueste Ausgabe der &#8222;Erfinderaktivit\u00e4ten&#8220; vom DPMA l\u00e4dt Sie ein auf einen Streifzug durch aktuelle Entwicklungen auf verschiedenen Technikgebieten. &#8230;&#8230;&#8230;&#8230;&#8230;&#8230;&#8230;&#8230;&#8230;&#8230;&#8230;&#8230;&#8230;&#8230;&#8230;&#8230;&#8230;&#8230;&#8230;&#8230;&#8230;&#8230;&#8230;&#8230;&#8230;&#8230;&#8230;&#8230;&#8230;&#8230;&#8230;&#8230;&#8230;&#8230;&#8230;&#8230;&#8230;&#8230;&#8230;&#8230;&#8230; Interessante Erfindungen &#8211; Ein \u00dcberblick \u00fcber deutsche Technikgeschichte Von genialen Alltagserfindungen bis hin zu Ergebnissen hochkomplexer Forschung: Die DPMA-Postergalerie zeigt, was Menschen in unterschiedlichsten Bereichen mit Kreativit\u00e4t und Innovationsgeist leisten k\u00f6nnen. [&hellip;]<\/p>\n","protected":false},"author":1,"featured_media":0,"parent":0,"menu_order":0,"comment_status":"closed","ping_status":"closed","template":"","meta":{"_crdt_document":"","footnotes":""},"class_list":["post-253","page","type-page","status-publish","hentry","entry"],"_links":{"self":[{"href":"https:\/\/www.innovationsclub-deutsches-eck.de\/index.php?rest_route=\/wp\/v2\/pages\/253","targetHints":{"allow":["GET"]}}],"collection":[{"href":"https:\/\/www.innovationsclub-deutsches-eck.de\/index.php?rest_route=\/wp\/v2\/pages"}],"about":[{"href":"https:\/\/www.innovationsclub-deutsches-eck.de\/index.php?rest_route=\/wp\/v2\/types\/page"}],"author":[{"embeddable":true,"href":"https:\/\/www.innovationsclub-deutsches-eck.de\/index.php?rest_route=\/wp\/v2\/users\/1"}],"replies":[{"embeddable":true,"href":"https:\/\/www.innovationsclub-deutsches-eck.de\/index.php?rest_route=%2Fwp%2Fv2%2Fcomments&post=253"}],"version-history":[{"count":15,"href":"https:\/\/www.innovationsclub-deutsches-eck.de\/index.php?rest_route=\/wp\/v2\/pages\/253\/revisions"}],"predecessor-version":[{"id":386,"href":"https:\/\/www.innovationsclub-deutsches-eck.de\/index.php?rest_route=\/wp\/v2\/pages\/253\/revisions\/386"}],"wp:attachment":[{"href":"https:\/\/www.innovationsclub-deutsches-eck.de\/index.php?rest_route=%2Fwp%2Fv2%2Fmedia&parent=253"}],"curies":[{"name":"wp","href":"https:\/\/api.w.org\/{rel}","templated":true}]}}